{"id":56,"date":"2021-10-26T11:08:47","date_gmt":"2021-10-26T11:08:47","guid":{"rendered":"https:\/\/psyannecy.com\/?page_id=56"},"modified":"2026-01-30T10:48:36","modified_gmt":"2026-01-30T10:48:36","slug":"adultes","status":"publish","type":"page","link":"https:\/\/psyannecy.com\/?page_id=56","title":{"rendered":"Th\u00e9rapies Adultes"},"content":{"rendered":"<p>[vc_row][vc_column][vc_column_text]<\/p>\r\n<h1><span style=\"color: #d7bfff;\">Th\u00e9rapies Adultes<\/span><\/h1>\r\n<p class=\"has-text-align-left\">Je vous accueille avec <span style=\"color: #48179c;\"><strong>tout ce qui se passe pour vous<\/strong>:<\/span> pens\u00e9es, \u00e9motions, sensations ou absence de tout<br \/>cela, afin de vous aider \u00e0 traverser les difficult\u00e9s auxquelles vous \u00eates confront\u00e9.<\/p>\r\n\r\n<p class=\"has-text-align-left\">La s\u00e9ance se d\u00e9roule en <span style=\"color: #48179c;\"><strong>face \u00e0 face<\/strong><\/span> et j&rsquo;interviens r\u00e9guli\u00e8rement pour soutenir la parole, reformuler,<br \/>questionner, relancer, et explorer avec vous de nouvelles pistes \u00e9ventuelles.<br \/>Je peux \u00e9galement proposer des <span style=\"color: #48179c;\"><strong>outils de m\u00e9diations<\/strong> <\/span>tels que le dessin, la mise en situation, le<br \/>g\u00e9nogramme, le photolangage. Tout cela se fait dans le <span style=\"color: #48179c;\"><strong>respect de votre rythme et de vos besoins.<\/strong><\/span><\/p>\r\n<p>[\/vc_column_text][\/vc_column][\/vc_row][vc_row][vc_column][vc_single_image image=\u00a0\u00bb184&Prime; img_size=\u00a0\u00bbmedium\u00a0\u00bb alignment=\u00a0\u00bbcenter\u00a0\u00bb style=\u00a0\u00bbvc_box_circle_2&Prime;][vc_custom_heading text=\u00a0\u00bbPsychologue Annecy\u00a0\u00bb font_container=\u00a0\u00bbtag:h1|font_size:12|text_align:center|color:%2348179c\u00a0\u00bb use_theme_fonts=\u00a0\u00bbyes\u00a0\u00bb][\/vc_column][\/vc_row]<\/p>","protected":false},"excerpt":{"rendered":"<p>[vc_row][vc_column][vc_column_text] Th\u00e9rapies Adultes Je vous accueille avec tout ce qui se passe pour vous: pens\u00e9es, \u00e9motions, sensations ou absence de toutcela, afin de vous aider \u00e0 traverser les difficult\u00e9s auxquelles vous \u00eates confront\u00e9. La s\u00e9ance se d\u00e9roule en face \u00e0 face et j&rsquo;interviens r\u00e9guli\u00e8rement pour soutenir la parole, reformuler,questionner, relancer, et explorer avec vous de&hellip;&nbsp;<a href=\"https:\/\/psyannecy.com\/?page_id=56\" class=\"\" rel=\"bookmark\">Lire la suite &raquo;<span class=\"screen-reader-text\">Th\u00e9rapies Adultes<\/span><\/a><\/p>\n","protected":false},"author":1,"featured_media":0,"parent":0,"menu_order":0,"comment_status":"closed","ping_status":"closed","template":"","meta":{"neve_meta_sidebar":"","neve_meta_container":"","neve_meta_enable_content_width":"off","neve_meta_content_width":100,"neve_meta_title_alignment":"","neve_meta_author_avatar":"","neve_post_elements_order":"","neve_meta_disable_header":"","neve_meta_disable_footer":"","neve_meta_disable_title":"on","_ti_tpc_template_sync":false,"_ti_tpc_template_id":"","footnotes":""},"class_list":["post-56","page","type-page","status-publish","hentry"],"yoast_head":"<!-- This site is optimized with the Yoast SEO plugin v26.8 - https:\/\/yoast.com\/product\/yoast-seo-wordpress\/ -->\n<title>Th\u00e9rapies Adultes - Psychologue Annecy<\/title>\n<meta name=\"robots\" content=\"index, follow, max-snippet:-1, max-image-preview:large, max-video-preview:-1\" \/>\n<link rel=\"canonical\" href=\"https:\/\/psyannecy.com\/?page_id=56\" \/>\n<meta property=\"og:locale\" content=\"fr_FR\" \/>\n<meta property=\"og:type\" content=\"article\" \/>\n<meta property=\"og:title\" content=\"Th\u00e9rapies Adultes - Psychologue Annecy\" \/>\n<meta property=\"og:description\" content=\"[vc_row][vc_column][vc_column_text] Th\u00e9rapies Adultes Je vous accueille avec tout ce qui se passe pour vous: pens\u00e9es, \u00e9motions, sensations ou absence de toutcela, afin de vous aider \u00e0 traverser les difficult\u00e9s auxquelles vous \u00eates confront\u00e9. La s\u00e9ance se d\u00e9roule en face \u00e0 face et j&rsquo;interviens r\u00e9guli\u00e8rement pour soutenir la parole, reformuler,questionner, relancer, et explorer avec vous de&hellip;&nbsp;Lire la suite &raquo;Th\u00e9rapies Adultes\" \/>\n<meta property=\"og:url\" content=\"https:\/\/psyannecy.com\/?page_id=56\" \/>\n<meta property=\"og:site_name\" content=\"Psychologue Annecy\" \/>\n<meta property=\"article:modified_time\" content=\"2026-01-30T10:48:36+00:00\" \/>\n<meta name=\"twitter:card\" content=\"summary_large_image\" \/>\n<meta name=\"twitter:label1\" content=\"Dur\u00e9e de lecture estim\u00e9e\" \/>\n\t<meta name=\"twitter:data1\" content=\"1 minute\" \/>\n<script type=\"application\/ld+json\" class=\"yoast-schema-graph\">{\"@context\":\"https:\/\/schema.org\",\"@graph\":[{\"@type\":\"WebPage\",\"@id\":\"https:\/\/psyannecy.com\/?page_id=56\",\"url\":\"https:\/\/psyannecy.com\/?page_id=56\",\"name\":\"Th\u00e9rapies Adultes - Psychologue Annecy\",\"isPartOf\":{\"@id\":\"https:\/\/psyannecy.com\/#website\"},\"datePublished\":\"2021-10-26T11:08:47+00:00\",\"dateModified\":\"2026-01-30T10:48:36+00:00\",\"breadcrumb\":{\"@id\":\"https:\/\/psyannecy.com\/?page_id=56#breadcrumb\"},\"inLanguage\":\"fr-FR\",\"potentialAction\":[{\"@type\":\"ReadAction\",\"target\":[\"https:\/\/psyannecy.com\/?page_id=56\"]}]},{\"@type\":\"BreadcrumbList\",\"@id\":\"https:\/\/psyannecy.com\/?page_id=56#breadcrumb\",\"itemListElement\":[{\"@type\":\"ListItem\",\"position\":1,\"name\":\"Accueil\",\"item\":\"https:\/\/psyannecy.com\/\"},{\"@type\":\"ListItem\",\"position\":2,\"name\":\"Th\u00e9rapies Adultes\"}]},{\"@type\":\"WebSite\",\"@id\":\"https:\/\/psyannecy.com\/#website\",\"url\":\"https:\/\/psyannecy.com\/\",\"name\":\"Psychologue Annecy\",\"description\":\"\",\"potentialAction\":[{\"@type\":\"SearchAction\",\"target\":{\"@type\":\"EntryPoint\",\"urlTemplate\":\"https:\/\/psyannecy.com\/?s={search_term_string}\"},\"query-input\":{\"@type\":\"PropertyValueSpecification\",\"valueRequired\":true,\"valueName\":\"search_term_string\"}}],\"inLanguage\":\"fr-FR\"}]}<\/script>\n<!-- \/ Yoast SEO plugin. -->","yoast_head_json":{"title":"Th\u00e9rapies Adultes - Psychologue Annecy","robots":{"index":"index","follow":"follow","max-snippet":"max-snippet:-1","max-image-preview":"max-image-preview:large","max-video-preview":"max-video-preview:-1"},"canonical":"https:\/\/psyannecy.com\/?page_id=56","og_locale":"fr_FR","og_type":"article","og_title":"Th\u00e9rapies Adultes - Psychologue Annecy","og_description":"[vc_row][vc_column][vc_column_text] Th\u00e9rapies Adultes Je vous accueille avec tout ce qui se passe pour vous: pens\u00e9es, \u00e9motions, sensations ou absence de toutcela, afin de vous aider \u00e0 traverser les difficult\u00e9s auxquelles vous \u00eates confront\u00e9. La s\u00e9ance se d\u00e9roule en face \u00e0 face et j&rsquo;interviens r\u00e9guli\u00e8rement pour soutenir la parole, reformuler,questionner, relancer, et explorer avec vous de&hellip;&nbsp;Lire la suite &raquo;Th\u00e9rapies Adultes","og_url":"https:\/\/psyannecy.com\/?page_id=56","og_site_name":"Psychologue Annecy","article_modified_time":"2026-01-30T10:48:36+00:00","twitter_card":"summary_large_image","twitter_misc":{"Dur\u00e9e de lecture estim\u00e9e":"1 minute"},"schema":{"@context":"https:\/\/schema.org","@graph":[{"@type":"WebPage","@id":"https:\/\/psyannecy.com\/?page_id=56","url":"https:\/\/psyannecy.com\/?page_id=56","name":"Th\u00e9rapies Adultes - Psychologue Annecy","isPartOf":{"@id":"https:\/\/psyannecy.com\/#website"},"datePublished":"2021-10-26T11:08:47+00:00","dateModified":"2026-01-30T10:48:36+00:00","breadcrumb":{"@id":"https:\/\/psyannecy.com\/?page_id=56#breadcrumb"},"inLanguage":"fr-FR","potentialAction":[{"@type":"ReadAction","target":["https:\/\/psyannecy.com\/?page_id=56"]}]},{"@type":"BreadcrumbList","@id":"https:\/\/psyannecy.com\/?page_id=56#breadcrumb","itemListElement":[{"@type":"ListItem","position":1,"name":"Accueil","item":"https:\/\/psyannecy.com\/"},{"@type":"ListItem","position":2,"name":"Th\u00e9rapies Adultes"}]},{"@type":"WebSite","@id":"https:\/\/psyannecy.com\/#website","url":"https:\/\/psyannecy.com\/","name":"Psychologue Annecy","description":"","potentialAction":[{"@type":"SearchAction","target":{"@type":"EntryPoint","urlTemplate":"https:\/\/psyannecy.com\/?s={search_term_string}"},"query-input":{"@type":"PropertyValueSpecification","valueRequired":true,"valueName":"search_term_string"}}],"inLanguage":"fr-FR"}]}},"_links":{"self":[{"href":"https:\/\/psyannecy.com\/index.php?rest_route=\/wp\/v2\/pages\/56","targetHints":{"allow":["GET"]}}],"collection":[{"href":"https:\/\/psyannecy.com\/index.php?rest_route=\/wp\/v2\/pages"}],"about":[{"href":"https:\/\/psyannecy.com\/index.php?rest_route=\/wp\/v2\/types\/page"}],"author":[{"embeddable":true,"href":"https:\/\/psyannecy.com\/index.php?rest_route=\/wp\/v2\/users\/1"}],"replies":[{"embeddable":true,"href":"https:\/\/psyannecy.com\/index.php?rest_route=%2Fwp%2Fv2%2Fcomments&post=56"}],"version-history":[{"count":22,"href":"https:\/\/psyannecy.com\/index.php?rest_route=\/wp\/v2\/pages\/56\/revisions"}],"predecessor-version":[{"id":322,"href":"https:\/\/psyannecy.com\/index.php?rest_route=\/wp\/v2\/pages\/56\/revisions\/322"}],"wp:attachment":[{"href":"https:\/\/psyannecy.com\/index.php?rest_route=%2Fwp%2Fv2%2Fmedia&parent=56"}],"curies":[{"name":"wp","href":"https:\/\/api.w.org\/{rel}","templated":true}]}}